{"id":47,"date":"2026-05-04T20:57:50","date_gmt":"2026-05-04T20:57:50","guid":{"rendered":"https:\/\/www.host204454.stronawcal.pl\/?page_id=47"},"modified":"2026-05-12T16:22:36","modified_gmt":"2026-05-12T16:22:36","slug":"kontakt-i-informacje-organizacyjne","status":"publish","type":"page","link":"https:\/\/www.przedszkoleznatury.pl\/index.php\/kontakt-i-informacje-organizacyjne\/","title":{"rendered":"Kontakt"},"content":{"rendered":"\n<figure class=\"wp-block-table\"><table class=\"has-fixed-layout\"><tbody><tr><td><strong>Waldorfski Punkt Przedszkolny w Komorowie<\/strong><br><br><strong>Adres:<\/strong> Komor\u00f3w, ul. Granicka 7<br><strong>Telefon:<\/strong> 601\u00a0323\u00a0613<br><strong>Mail:<\/strong> komorowpunktprzedszkolny@gmail.com<br><strong>Godziny pracy:<\/strong> poniedzia\u0142ek\u2013pi\u0105tek, 9:00\u201314:00 (15:00)<br><strong>Facebook<\/strong>: <a href=\"https:\/\/www.facebook.com\/pedagogika.waldorfska\" target=\"_blank\" rel=\"noopener\">https:\/\/www.facebook.com\/pedagogika.waldorfska<\/a><br><br><strong>Mo\u017cliwo\u015b\u0107 wyd\u0142u\u017cenia opieki:<\/strong><br>indywidualnie, po wcze\u015bniejszym ustaleniu, za dodatkow\u0105 op\u0142at\u0105 \u2013 mo\u017cliwo\u015b\u0107 \u015bwietlicy do 15:00<br><br>Je\u015bli chcesz lepiej pozna\u0107 nasze miejsce, porozmawia\u0107 o adaptacji lub zapisa\u0107 dziecko do grupy &#8211; zapraszamy do kontaktu!<br><\/td><td><iframe src=\"https:\/\/www.google.com\/maps\/embed?pb=!1m18!1m12!1m3!1d336.973447310574!2d20.809361320931462!3d52.14209245675329!2m3!1f0!2f0!3f0!3m2!1i1024!2i768!4f13.1!3m3!1m2!1s0x471935a25d1d2ecf%3A0x55a0513bf950328e!2sPrzedszkole%20waldorfskie!5e1!3m2!1spl!2spl!4v1778577475446!5m2!1spl!2spl\" width=\"600\" height=\"450\" style=\"border:0;\" allowfullscreen=\"\" loading=\"lazy\" referrerpolicy=\"no-referrer-when-downgrade\"><\/iframe><\/td><\/tr><\/tbody><\/table><\/figure>\n\n\n\n<p class=\"has-medium-font-size\"><\/p>\n\n\n\n<p><\/p>\n","protected":false},"excerpt":{"rendered":"<p>Waldorfski Punkt Przedszkolny w Komorowie Adres: Komor\u00f3w, ul. Granicka 7Telefon: 601\u00a0323\u00a0613Mail: komorowpunktprzedszkolny@gmail.comGodziny pracy: poniedzia\u0142ek\u2013pi\u0105tek, 9:00\u201314:00 (15:00)Facebook: https:\/\/www.facebook.com\/pedagogika.waldorfska Mo\u017cliwo\u015b\u0107 wyd\u0142u\u017cenia opieki:indywidualnie, [&hellip;]<\/p>\n","protected":false},"author":1,"featured_media":0,"parent":0,"menu_order":2,"comment_status":"closed","ping_status":"closed","template":"","meta":{"site-sidebar-layout":"default","site-content-layout":"","ast-site-content-layout":"default","site-content-style":"default","site-sidebar-style":"default","ast-global-header-display":"","ast-banner-title-visibility":"","ast-main-header-display":"","ast-hfb-above-header-display":"","ast-hfb-below-header-display":"","ast-hfb-mobile-header-display":"","site-post-title":"","ast-breadcrumbs-content":"","ast-featured-img":"","footer-sml-layout":"","ast-disable-related-posts":"","theme-transparent-header-meta":"","adv-header-id-meta":"","stick-header-meta":"","header-above-stick-meta":"","header-main-stick-meta":"","header-below-stick-meta":"","astra-migrate-meta-layouts":"default","ast-page-background-enabled":"default","ast-page-background-meta":{"desktop":{"background-color":"var(--ast-global-color-5)","background-image":"","background-repeat":"repeat","background-position":"center center","background-size":"auto","background-attachment":"scroll","background-type":"","background-media":"","overlay-type":"","overlay-color":"","overlay-opacity":"","overlay-gradient":""},"tablet":{"background-color":"","background-image":"","background-repeat":"repeat","background-position":"center center","background-size":"auto","background-attachment":"scroll","background-type":"","background-media":"","overlay-type":"","overlay-color":"","overlay-opacity":"","overlay-gradient":""},"mobile":{"background-color":"","background-image":"","background-repeat":"repeat","background-position":"center center","background-size":"auto","background-attachment":"scroll","background-type":"","background-media":"","overlay-type":"","overlay-color":"","overlay-opacity":"","overlay-gradient":""}},"ast-content-background-meta":{"desktop":{"background-color":"var(--ast-global-color-4)","background-image":"","background-repeat":"repeat","background-position":"center center","background-size":"auto","background-attachment":"scroll","background-type":"","background-media":"","overlay-type":"","overlay-color":"","overlay-opacity":"","overlay-gradient":""},"tablet":{"background-color":"var(--ast-global-color-4)","background-image":"","background-repeat":"repeat","background-position":"center center","background-size":"auto","background-attachment":"scroll","background-type":"","background-media":"","overlay-type":"","overlay-color":"","overlay-opacity":"","overlay-gradient":""},"mobile":{"background-color":"var(--ast-global-color-4)","background-image":"","background-repeat":"repeat","background-position":"center center","background-size":"auto","background-attachment":"scroll","background-type":"","background-media":"","overlay-type":"","overlay-color":"","overlay-opacity":"","overlay-gradient":""}},"footnotes":""},"class_list":["post-47","page","type-page","status-publish","hentry"],"_links":{"self":[{"href":"https:\/\/www.przedszkoleznatury.pl\/index.php\/wp-json\/wp\/v2\/pages\/47","targetHints":{"allow":["GET"]}}],"collection":[{"href":"https:\/\/www.przedszkoleznatury.pl\/index.php\/wp-json\/wp\/v2\/pages"}],"about":[{"href":"https:\/\/www.przedszkoleznatury.pl\/index.php\/wp-json\/wp\/v2\/types\/page"}],"author":[{"embeddable":true,"href":"https:\/\/www.przedszkoleznatury.pl\/index.php\/wp-json\/wp\/v2\/users\/1"}],"replies":[{"embeddable":true,"href":"https:\/\/www.przedszkoleznatury.pl\/index.php\/wp-json\/wp\/v2\/comments?post=47"}],"version-history":[{"count":10,"href":"https:\/\/www.przedszkoleznatury.pl\/index.php\/wp-json\/wp\/v2\/pages\/47\/revisions"}],"predecessor-version":[{"id":155,"href":"https:\/\/www.przedszkoleznatury.pl\/index.php\/wp-json\/wp\/v2\/pages\/47\/revisions\/155"}],"wp:attachment":[{"href":"https:\/\/www.przedszkoleznatury.pl\/index.php\/wp-json\/wp\/v2\/media?parent=47"}],"curies":[{"name":"wp","href":"https:\/\/api.w.org\/{rel}","templated":true}]}}