{"id":45,"date":"2026-05-04T20:57:27","date_gmt":"2026-05-04T20:57:27","guid":{"rendered":"https:\/\/www.host204454.stronawcal.pl\/?page_id=45"},"modified":"2026-05-12T16:23:57","modified_gmt":"2026-05-12T16:23:57","slug":"aktualnosci","status":"publish","type":"page","link":"https:\/\/www.przedszkoleznatury.pl\/","title":{"rendered":"Rekrutacja"},"content":{"rendered":"\n<figure class=\"wp-block-table alignwide is-style-regular\" style=\"margin-top:0;margin-bottom:0;padding-right:0;padding-left:0;font-size:17px\"><table class=\"has-fixed-layout\"><tbody><tr><td class=\"has-text-align-center\" data-align=\"center\"><strong>Obecnie trwa rekrutacja<\/strong> do naszej r\u00f3\u017cnowiekowej grupy przedszkolnej na nadchodz\u0105cy rok 2026\/2027.<br>Zapraszamy dzieci, kt\u00f3re od wrze\u015bnia rozpoczynaj\u0105 swoj\u0105 przygod\u0119 z przedszkolem, ale tak\u017ce i te starsze, kt\u00f3re szukaj\u0105 nowego, bardziej kameralnego miejsca.<br>Je\u015bli czujesz, \u017ce nasze podej\u015bcie jest Ci bliskie, zapraszamy do <a href=\"https:\/\/www.przedszkoleznatury.pl\/index.php\/kontakt-i-informacje-organizacyjne\/\" data-type=\"page\" data-id=\"47\">kontaktu<\/a> i um\u00f3wienia spotkania.<br><br>A po aktualno\u015bci zapraszamy na stron\u0119 FB: <a href=\"https:\/\/www.facebook.com\/pedagogika.waldorfska\" target=\"_blank\" rel=\"noopener\">https:\/\/www.facebook.com\/pedagogika.waldorfska<\/a><\/td><td class=\"has-text-align-center\" data-align=\"center\">Chcesz lepiej pozna\u0107 nasze przedszkole?<br><br>Zapraszamy w ka\u017cdy pi\u0105tek 10:00 &#8211; 11:30 na <a href=\"https:\/\/www.facebook.com\/events\/969069942543225\/969069952543224?acontext=%7B%22event_action_history%22%3A[%7B%22mechanism%22%3A%22surface%22%2C%22surface%22%3A%22groups_highlight_units%22%7D]%2C%22ref_notif_type%22%3Anull%7D\" data-type=\"link\" data-id=\"https:\/\/www.facebook.com\/events\/969069942543225\/969069952543224?acontext=%7B%22event_action_history%22%3A[%7B%22mechanism%22%3A%22surface%22%2C%22surface%22%3A%22groups_highlight_units%22%7D]%2C%22ref_notif_type%22%3Anull%7D\" target=\"_blank\" rel=\"noopener\">Przedszkole Dla Mam (i Tat\u00f3w)<\/a><br><br><img loading=\"lazy\" decoding=\"async\" width=\"600\" height=\"315\" class=\"wp-image-89\" style=\"width: 600px;\" src=\"http:\/\/www.przedszkoleznatury.pl\/wp-content\/uploads\/2026\/05\/przedszkole_dla_mam_i_tatow.jpg\" alt=\"Przedszkole Dla Mam i Tat\u00f3w\" srcset=\"https:\/\/www.przedszkoleznatury.pl\/wp-content\/uploads\/2026\/05\/przedszkole_dla_mam_i_tatow.jpg 1731w, https:\/\/www.przedszkoleznatury.pl\/wp-content\/uploads\/2026\/05\/przedszkole_dla_mam_i_tatow-300x158.jpg 300w, https:\/\/www.przedszkoleznatury.pl\/wp-content\/uploads\/2026\/05\/przedszkole_dla_mam_i_tatow-1024x538.jpg 1024w, https:\/\/www.przedszkoleznatury.pl\/wp-content\/uploads\/2026\/05\/przedszkole_dla_mam_i_tatow-768x403.jpg 768w, https:\/\/www.przedszkoleznatury.pl\/wp-content\/uploads\/2026\/05\/przedszkole_dla_mam_i_tatow-1536x807.jpg 1536w\" sizes=\"auto, (max-width: 600px) 100vw, 600px\" \/><br><\/td><\/tr><\/tbody><\/table><\/figure>\n\n\n\n<p style=\"line-height:2\"><\/p>\n\n\n\n<p><\/p>\n","protected":false},"excerpt":{"rendered":"<p>Obecnie trwa rekrutacja do naszej r\u00f3\u017cnowiekowej grupy przedszkolnej na nadchodz\u0105cy rok 2026\/2027.Zapraszamy dzieci, kt\u00f3re od wrze\u015bnia rozpoczynaj\u0105 swoj\u0105 przygod\u0119 z [&hellip;]<\/p>\n","protected":false},"author":1,"featured_media":0,"parent":0,"menu_order":1,"comment_status":"closed","ping_status":"closed","template":"","meta":{"site-sidebar-layout":"default","site-content-layout":"","ast-site-content-layout":"default","site-content-style":"default","site-sidebar-style":"default","ast-global-header-display":"","ast-banner-title-visibility":"","ast-main-header-display":"","ast-hfb-above-header-display":"","ast-hfb-below-header-display":"","ast-hfb-mobile-header-display":"","site-post-title":"","ast-breadcrumbs-content":"","ast-featured-img":"","footer-sml-layout":"","ast-disable-related-posts":"","theme-transparent-header-meta":"","adv-header-id-meta":"","stick-header-meta":"","header-above-stick-meta":"","header-main-stick-meta":"","header-below-stick-meta":"","astra-migrate-meta-layouts":"default","ast-page-background-enabled":"default","ast-page-background-meta":{"desktop":{"background-color":"var(--ast-global-color-5)","background-image":"","background-repeat":"repeat","background-position":"center center","background-size":"auto","background-attachment":"scroll","background-type":"","background-media":"","overlay-type":"","overlay-color":"","overlay-opacity":"","overlay-gradient":""},"tablet":{"background-color":"","background-image":"","background-repeat":"repeat","background-position":"center center","background-size":"auto","background-attachment":"scroll","background-type":"","background-media":"","overlay-type":"","overlay-color":"","overlay-opacity":"","overlay-gradient":""},"mobile":{"background-color":"","background-image":"","background-repeat":"repeat","background-position":"center center","background-size":"auto","background-attachment":"scroll","background-type":"","background-media":"","overlay-type":"","overlay-color":"","overlay-opacity":"","overlay-gradient":""}},"ast-content-background-meta":{"desktop":{"background-color":"var(--ast-global-color-4)","background-image":"","background-repeat":"repeat","background-position":"center center","background-size":"auto","background-attachment":"scroll","background-type":"","background-media":"","overlay-type":"","overlay-color":"","overlay-opacity":"","overlay-gradient":""},"tablet":{"background-color":"var(--ast-global-color-4)","background-image":"","background-repeat":"repeat","background-position":"center center","background-size":"auto","background-attachment":"scroll","background-type":"","background-media":"","overlay-type":"","overlay-color":"","overlay-opacity":"","overlay-gradient":""},"mobile":{"background-color":"var(--ast-global-color-4)","background-image":"","background-repeat":"repeat","background-position":"center center","background-size":"auto","background-attachment":"scroll","background-type":"","background-media":"","overlay-type":"","overlay-color":"","overlay-opacity":"","overlay-gradient":""}},"footnotes":""},"class_list":["post-45","page","type-page","status-publish","hentry"],"_links":{"self":[{"href":"https:\/\/www.przedszkoleznatury.pl\/index.php\/wp-json\/wp\/v2\/pages\/45","targetHints":{"allow":["GET"]}}],"collection":[{"href":"https:\/\/www.przedszkoleznatury.pl\/index.php\/wp-json\/wp\/v2\/pages"}],"about":[{"href":"https:\/\/www.przedszkoleznatury.pl\/index.php\/wp-json\/wp\/v2\/types\/page"}],"author":[{"embeddable":true,"href":"https:\/\/www.przedszkoleznatury.pl\/index.php\/wp-json\/wp\/v2\/users\/1"}],"replies":[{"embeddable":true,"href":"https:\/\/www.przedszkoleznatury.pl\/index.php\/wp-json\/wp\/v2\/comments?post=45"}],"version-history":[{"count":23,"href":"https:\/\/www.przedszkoleznatury.pl\/index.php\/wp-json\/wp\/v2\/pages\/45\/revisions"}],"predecessor-version":[{"id":116,"href":"https:\/\/www.przedszkoleznatury.pl\/index.php\/wp-json\/wp\/v2\/pages\/45\/revisions\/116"}],"wp:attachment":[{"href":"https:\/\/www.przedszkoleznatury.pl\/index.php\/wp-json\/wp\/v2\/media?parent=45"}],"curies":[{"name":"wp","href":"https:\/\/api.w.org\/{rel}","templated":true}]}}