{"id":43,"date":"2026-05-04T20:57:08","date_gmt":"2026-05-04T20:57:08","guid":{"rendered":"https:\/\/www.host204454.stronawcal.pl\/?page_id=43"},"modified":"2026-05-10T20:16:08","modified_gmt":"2026-05-10T20:16:08","slug":"galeria","status":"publish","type":"page","link":"https:\/\/www.przedszkoleznatury.pl\/index.php\/galeria\/","title":{"rendered":"Galeria"},"content":{"rendered":"\n<p><strong>Codzienno\u015b\u0107 naszej grupy<\/strong><\/p>\n\n\n\n<p>Galeria to miejsce, w kt\u00f3rym mo\u017cna zajrze\u0107 do naszej codzienno\u015bci \u2014 zobaczy\u0107 przestrze\u0144, wsp\u00f3ln\u0105 zabaw\u0119, ogr\u00f3d, tw\u00f3rczo\u015b\u0107 dzieci i le\u015bne wyprawy.<\/p>\n\n\n\n<figure class=\"wp-block-gallery has-nested-images columns-default is-cropped wp-block-gallery-1 is-layout-flex wp-block-gallery-is-layout-flex\">\n<figure class=\"wp-block-image size-large\"><img loading=\"lazy\" decoding=\"async\" width=\"1536\" height=\"2048\" data-id=\"135\" src=\"https:\/\/www.przedszkoleznatury.pl\/wp-content\/uploads\/2026\/05\/4-768x1024.jpg\" alt=\"\" class=\"wp-image-135\" srcset=\"https:\/\/www.przedszkoleznatury.pl\/wp-content\/uploads\/2026\/05\/4-768x1024.jpg 768w, https:\/\/www.przedszkoleznatury.pl\/wp-content\/uploads\/2026\/05\/4-225x300.jpg 225w, https:\/\/www.przedszkoleznatury.pl\/wp-content\/uploads\/2026\/05\/4-1152x1536.jpg 1152w, https:\/\/www.przedszkoleznatury.pl\/wp-content\/uploads\/2026\/05\/4.jpg 1536w\" sizes=\"auto, (max-width: 1536px) 100vw, 1536px\" \/><\/figure>\n\n\n\n\n\n<figure class=\"wp-block-image size-large\"><img loading=\"lazy\" decoding=\"async\" width=\"768\" height=\"1024\" data-id=\"122\" src=\"https:\/\/www.przedszkoleznatury.pl\/wp-content\/uploads\/2026\/05\/FB_IMG_1717788281356-768x1024.jpg\" alt=\"\" class=\"wp-image-122\" srcset=\"https:\/\/www.przedszkoleznatury.pl\/wp-content\/uploads\/2026\/05\/FB_IMG_1717788281356-768x1024.jpg 768w, https:\/\/www.przedszkoleznatury.pl\/wp-content\/uploads\/2026\/05\/FB_IMG_1717788281356-225x300.jpg 225w, https:\/\/www.przedszkoleznatury.pl\/wp-content\/uploads\/2026\/05\/FB_IMG_1717788281356.jpg 1080w\" sizes=\"auto, (max-width: 768px) 100vw, 768px\" \/><\/figure>\n\n\n\n<figure class=\"wp-block-image size-large\"><img loading=\"lazy\" decoding=\"async\" width=\"1024\" height=\"768\" data-id=\"121\" src=\"https:\/\/www.przedszkoleznatury.pl\/wp-content\/uploads\/2026\/05\/FB_IMG_1756399058914-1024x768.jpg\" alt=\"\" class=\"wp-image-121\" srcset=\"https:\/\/www.przedszkoleznatury.pl\/wp-content\/uploads\/2026\/05\/FB_IMG_1756399058914-1024x768.jpg 1024w, https:\/\/www.przedszkoleznatury.pl\/wp-content\/uploads\/2026\/05\/FB_IMG_1756399058914-300x225.jpg 300w, https:\/\/www.przedszkoleznatury.pl\/wp-content\/uploads\/2026\/05\/FB_IMG_1756399058914-768x576.jpg 768w, https:\/\/www.przedszkoleznatury.pl\/wp-content\/uploads\/2026\/05\/FB_IMG_1756399058914-1536x1152.jpg 1536w, https:\/\/www.przedszkoleznatury.pl\/wp-content\/uploads\/2026\/05\/FB_IMG_1756399058914.jpg 2016w\" sizes=\"auto, (max-width: 1024px) 100vw, 1024px\" \/><\/figure>\n\n\n\n<figure class=\"wp-block-image size-large\"><img loading=\"lazy\" decoding=\"async\" width=\"720\" height=\"960\" data-id=\"127\" src=\"https:\/\/www.przedszkoleznatury.pl\/wp-content\/uploads\/2026\/05\/FB_IMG_1756399323638.jpg\" alt=\"\" class=\"wp-image-127\" srcset=\"https:\/\/www.przedszkoleznatury.pl\/wp-content\/uploads\/2026\/05\/FB_IMG_1756399323638.jpg 720w, https:\/\/www.przedszkoleznatury.pl\/wp-content\/uploads\/2026\/05\/FB_IMG_1756399323638-225x300.jpg 225w\" sizes=\"auto, (max-width: 720px) 100vw, 720px\" \/><\/figure>\n\n\n\n<figure class=\"wp-block-image size-large\"><img loading=\"lazy\" decoding=\"async\" width=\"960\" height=\"720\" data-id=\"132\" src=\"https:\/\/www.przedszkoleznatury.pl\/wp-content\/uploads\/2026\/05\/FB_IMG_1756399348157.jpg\" alt=\"\" class=\"wp-image-132\" srcset=\"https:\/\/www.przedszkoleznatury.pl\/wp-content\/uploads\/2026\/05\/FB_IMG_1756399348157.jpg 960w, https:\/\/www.przedszkoleznatury.pl\/wp-content\/uploads\/2026\/05\/FB_IMG_1756399348157-300x225.jpg 300w, https:\/\/www.przedszkoleznatury.pl\/wp-content\/uploads\/2026\/05\/FB_IMG_1756399348157-768x576.jpg 768w\" sizes=\"auto, (max-width: 960px) 100vw, 960px\" \/><\/figure>\n\n\n\n<figure class=\"wp-block-image size-large\"><img loading=\"lazy\" decoding=\"async\" width=\"750\" height=\"1000\" data-id=\"123\" src=\"https:\/\/www.przedszkoleznatury.pl\/wp-content\/uploads\/2026\/05\/IMG_5876.jpg\" alt=\"\" class=\"wp-image-123\" srcset=\"https:\/\/www.przedszkoleznatury.pl\/wp-content\/uploads\/2026\/05\/IMG_5876.jpg 750w, https:\/\/www.przedszkoleznatury.pl\/wp-content\/uploads\/2026\/05\/IMG_5876-225x300.jpg 225w\" sizes=\"auto, (max-width: 750px) 100vw, 750px\" \/><\/figure>\n\n\n\n<figure class=\"wp-block-image size-large\"><img loading=\"lazy\" decoding=\"async\" width=\"768\" height=\"1024\" data-id=\"131\" src=\"https:\/\/www.przedszkoleznatury.pl\/wp-content\/uploads\/2026\/05\/IMG-20260206-WA0028-768x1024.jpg\" alt=\"\" class=\"wp-image-131\" srcset=\"https:\/\/www.przedszkoleznatury.pl\/wp-content\/uploads\/2026\/05\/IMG-20260206-WA0028-768x1024.jpg 768w, https:\/\/www.przedszkoleznatury.pl\/wp-content\/uploads\/2026\/05\/IMG-20260206-WA0028-225x300.jpg 225w, https:\/\/www.przedszkoleznatury.pl\/wp-content\/uploads\/2026\/05\/IMG-20260206-WA0028-1152x1536.jpg 1152w, https:\/\/www.przedszkoleznatury.pl\/wp-content\/uploads\/2026\/05\/IMG-20260206-WA0028.jpg 1536w\" sizes=\"auto, (max-width: 768px) 100vw, 768px\" \/><\/figure>\n\n\n\n<figure class=\"wp-block-image size-large\"><img loading=\"lazy\" decoding=\"async\" width=\"1024\" height=\"576\" data-id=\"124\" src=\"https:\/\/www.przedszkoleznatury.pl\/wp-content\/uploads\/2026\/05\/IMG-20260321-WA0000-1024x576.jpg\" alt=\"\" class=\"wp-image-124\" srcset=\"https:\/\/www.przedszkoleznatury.pl\/wp-content\/uploads\/2026\/05\/IMG-20260321-WA0000-1024x576.jpg 1024w, https:\/\/www.przedszkoleznatury.pl\/wp-content\/uploads\/2026\/05\/IMG-20260321-WA0000-300x169.jpg 300w, https:\/\/www.przedszkoleznatury.pl\/wp-content\/uploads\/2026\/05\/IMG-20260321-WA0000-768x432.jpg 768w, https:\/\/www.przedszkoleznatury.pl\/wp-content\/uploads\/2026\/05\/IMG-20260321-WA0000-1536x864.jpg 1536w, https:\/\/www.przedszkoleznatury.pl\/wp-content\/uploads\/2026\/05\/IMG-20260321-WA0000.jpg 1600w\" sizes=\"auto, (max-width: 1024px) 100vw, 1024px\" \/><\/figure>\n\n\n\n<figure class=\"wp-block-image size-large\"><img loading=\"lazy\" decoding=\"async\" width=\"768\" height=\"1024\" data-id=\"126\" src=\"https:\/\/www.przedszkoleznatury.pl\/wp-content\/uploads\/2026\/05\/Messenger_creation_42259BF4-42C8-4AED-941A-FD69A447F7BD-768x1024.jpeg\" alt=\"\" class=\"wp-image-126\" srcset=\"https:\/\/www.przedszkoleznatury.pl\/wp-content\/uploads\/2026\/05\/Messenger_creation_42259BF4-42C8-4AED-941A-FD69A447F7BD-768x1024.jpeg 768w, https:\/\/www.przedszkoleznatury.pl\/wp-content\/uploads\/2026\/05\/Messenger_creation_42259BF4-42C8-4AED-941A-FD69A447F7BD-225x300.jpeg 225w, https:\/\/www.przedszkoleznatury.pl\/wp-content\/uploads\/2026\/05\/Messenger_creation_42259BF4-42C8-4AED-941A-FD69A447F7BD-1152x1536.jpeg 1152w, https:\/\/www.przedszkoleznatury.pl\/wp-content\/uploads\/2026\/05\/Messenger_creation_42259BF4-42C8-4AED-941A-FD69A447F7BD.jpeg 1536w\" sizes=\"auto, (max-width: 768px) 100vw, 768px\" \/><\/figure>\n\n\n\n<figure class=\"wp-block-image size-large\"><img loading=\"lazy\" decoding=\"async\" width=\"768\" height=\"1024\" data-id=\"125\" src=\"https:\/\/www.przedszkoleznatury.pl\/wp-content\/uploads\/2026\/05\/Messenger_creation_FF37032D-79B7-4A38-8835-CFA5F4DE5632-768x1024.jpeg\" alt=\"\" class=\"wp-image-125\" srcset=\"https:\/\/www.przedszkoleznatury.pl\/wp-content\/uploads\/2026\/05\/Messenger_creation_FF37032D-79B7-4A38-8835-CFA5F4DE5632-768x1024.jpeg 768w, https:\/\/www.przedszkoleznatury.pl\/wp-content\/uploads\/2026\/05\/Messenger_creation_FF37032D-79B7-4A38-8835-CFA5F4DE5632-225x300.jpeg 225w, https:\/\/www.przedszkoleznatury.pl\/wp-content\/uploads\/2026\/05\/Messenger_creation_FF37032D-79B7-4A38-8835-CFA5F4DE5632-1152x1536.jpeg 1152w, https:\/\/www.przedszkoleznatury.pl\/wp-content\/uploads\/2026\/05\/Messenger_creation_FF37032D-79B7-4A38-8835-CFA5F4DE5632.jpeg 1536w\" sizes=\"auto, (max-width: 768px) 100vw, 768px\" \/><\/figure>\n\n\n\n<figure class=\"wp-block-image size-large\"><img loading=\"lazy\" decoding=\"async\" width=\"768\" height=\"1024\" data-id=\"128\" src=\"https:\/\/www.przedszkoleznatury.pl\/wp-content\/uploads\/2026\/05\/pokoj-768x1024.jpg\" alt=\"\" class=\"wp-image-128\" srcset=\"https:\/\/www.przedszkoleznatury.pl\/wp-content\/uploads\/2026\/05\/pokoj-768x1024.jpg 768w, https:\/\/www.przedszkoleznatury.pl\/wp-content\/uploads\/2026\/05\/pokoj-225x300.jpg 225w, https:\/\/www.przedszkoleznatury.pl\/wp-content\/uploads\/2026\/05\/pokoj-1152x1536.jpg 1152w, https:\/\/www.przedszkoleznatury.pl\/wp-content\/uploads\/2026\/05\/pokoj.jpg 1536w\" sizes=\"auto, (max-width: 768px) 100vw, 768px\" \/><\/figure>\n\n\n\n<figure class=\"wp-block-image size-large\"><img loading=\"lazy\" decoding=\"async\" width=\"576\" height=\"1024\" data-id=\"129\" src=\"https:\/\/www.przedszkoleznatury.pl\/wp-content\/uploads\/2026\/05\/pranie-576x1024.jpg\" alt=\"\" class=\"wp-image-129\" srcset=\"https:\/\/www.przedszkoleznatury.pl\/wp-content\/uploads\/2026\/05\/pranie-576x1024.jpg 576w, https:\/\/www.przedszkoleznatury.pl\/wp-content\/uploads\/2026\/05\/pranie-169x300.jpg 169w, https:\/\/www.przedszkoleznatury.pl\/wp-content\/uploads\/2026\/05\/pranie-768x1365.jpg 768w, https:\/\/www.przedszkoleznatury.pl\/wp-content\/uploads\/2026\/05\/pranie-864x1536.jpg 864w, https:\/\/www.przedszkoleznatury.pl\/wp-content\/uploads\/2026\/05\/pranie.jpg 1080w\" sizes=\"auto, (max-width: 576px) 100vw, 576px\" \/><\/figure>\n\n\n\n<figure class=\"wp-block-image size-large\"><img loading=\"lazy\" decoding=\"async\" width=\"1024\" height=\"683\" data-id=\"133\" src=\"https:\/\/www.przedszkoleznatury.pl\/wp-content\/uploads\/2026\/05\/1-1024x683.jpg\" alt=\"\" class=\"wp-image-133\" srcset=\"https:\/\/www.przedszkoleznatury.pl\/wp-content\/uploads\/2026\/05\/1-1024x683.jpg 1024w, https:\/\/www.przedszkoleznatury.pl\/wp-content\/uploads\/2026\/05\/1-300x200.jpg 300w, https:\/\/www.przedszkoleznatury.pl\/wp-content\/uploads\/2026\/05\/1-768x512.jpg 768w, https:\/\/www.przedszkoleznatury.pl\/wp-content\/uploads\/2026\/05\/1-1536x1024.jpg 1536w, https:\/\/www.przedszkoleznatury.pl\/wp-content\/uploads\/2026\/05\/1.jpg 1776w\" sizes=\"auto, (max-width: 1024px) 100vw, 1024px\" \/><\/figure>\n\n\n\n<figure class=\"wp-block-image size-large\"><img loading=\"lazy\" decoding=\"async\" width=\"768\" height=\"1024\" data-id=\"134\" src=\"https:\/\/www.przedszkoleznatury.pl\/wp-content\/uploads\/2026\/05\/10-768x1024.jpg\" alt=\"\" class=\"wp-image-134\" srcset=\"https:\/\/www.przedszkoleznatury.pl\/wp-content\/uploads\/2026\/05\/10-768x1024.jpg 768w, https:\/\/www.przedszkoleznatury.pl\/wp-content\/uploads\/2026\/05\/10-225x300.jpg 225w, https:\/\/www.przedszkoleznatury.pl\/wp-content\/uploads\/2026\/05\/10-1152x1536.jpg 1152w, https:\/\/www.przedszkoleznatury.pl\/wp-content\/uploads\/2026\/05\/10.jpg 1536w\" sizes=\"auto, (max-width: 768px) 100vw, 768px\" \/><\/figure>\n\n\n\n<figure class=\"wp-block-image size-large\"><img loading=\"lazy\" decoding=\"async\" width=\"720\" height=\"960\" data-id=\"130\" src=\"https:\/\/www.przedszkoleznatury.pl\/wp-content\/uploads\/2026\/05\/13.jpg\" alt=\"\" class=\"wp-image-130\" srcset=\"https:\/\/www.przedszkoleznatury.pl\/wp-content\/uploads\/2026\/05\/13.jpg 720w, https:\/\/www.przedszkoleznatury.pl\/wp-content\/uploads\/2026\/05\/13-225x300.jpg 225w\" sizes=\"auto, (max-width: 720px) 100vw, 720px\" \/><\/figure>\n\n\n<\/figure>\n","protected":false},"excerpt":{"rendered":"<p>Codzienno\u015b\u0107 naszej grupy Galeria to miejsce, w kt\u00f3rym mo\u017cna zajrze\u0107 do naszej codzienno\u015bci \u2014 zobaczy\u0107 przestrze\u0144, wsp\u00f3ln\u0105 zabaw\u0119, ogr\u00f3d, tw\u00f3rczo\u015b\u0107 [&hellip;]<\/p>\n","protected":false},"author":1,"featured_media":0,"parent":0,"menu_order":4,"comment_status":"closed","ping_status":"closed","template":"","meta":{"site-sidebar-layout":"default","site-content-layout":"","ast-site-content-layout":"default","site-content-style":"default","site-sidebar-style":"default","ast-global-header-display":"","ast-banner-title-visibility":"","ast-main-header-display":"","ast-hfb-above-header-display":"","ast-hfb-below-header-display":"","ast-hfb-mobile-header-display":"","site-post-title":"","ast-breadcrumbs-content":"","ast-featured-img":"","footer-sml-layout":"","ast-disable-related-posts":"","theme-transparent-header-meta":"","adv-header-id-meta":"","stick-header-meta":"","header-above-stick-meta":"","header-main-stick-meta":"","header-below-stick-meta":"","astra-migrate-meta-layouts":"default","ast-page-background-enabled":"default","ast-page-background-meta":{"desktop":{"background-color":"var(--ast-global-color-5)","background-image":"","background-repeat":"repeat","background-position":"center center","background-size":"auto","background-attachment":"scroll","background-type":"","background-media":"","overlay-type":"","overlay-color":"","overlay-opacity":"","overlay-gradient":""},"tablet":{"background-color":"","background-image":"","background-repeat":"repeat","background-position":"center center","background-size":"auto","background-attachment":"scroll","background-type":"","background-media":"","overlay-type":"","overlay-color":"","overlay-opacity":"","overlay-gradient":""},"mobile":{"background-color":"","background-image":"","background-repeat":"repeat","background-position":"center center","background-size":"auto","background-attachment":"scroll","background-type":"","background-media":"","overlay-type":"","overlay-color":"","overlay-opacity":"","overlay-gradient":""}},"ast-content-background-meta":{"desktop":{"background-color":"var(--ast-global-color-4)","background-image":"","background-repeat":"repeat","background-position":"center center","background-size":"auto","background-attachment":"scroll","background-type":"","background-media":"","overlay-type":"","overlay-color":"","overlay-opacity":"","overlay-gradient":""},"tablet":{"background-color":"var(--ast-global-color-4)","background-image":"","background-repeat":"repeat","background-position":"center center","background-size":"auto","background-attachment":"scroll","background-type":"","background-media":"","overlay-type":"","overlay-color":"","overlay-opacity":"","overlay-gradient":""},"mobile":{"background-color":"var(--ast-global-color-4)","background-image":"","background-repeat":"repeat","background-position":"center center","background-size":"auto","background-attachment":"scroll","background-type":"","background-media":"","overlay-type":"","overlay-color":"","overlay-opacity":"","overlay-gradient":""}},"footnotes":""},"class_list":["post-43","page","type-page","status-publish","hentry"],"_links":{"self":[{"href":"https:\/\/www.przedszkoleznatury.pl\/index.php\/wp-json\/wp\/v2\/pages\/43","targetHints":{"allow":["GET"]}}],"collection":[{"href":"https:\/\/www.przedszkoleznatury.pl\/index.php\/wp-json\/wp\/v2\/pages"}],"about":[{"href":"https:\/\/www.przedszkoleznatury.pl\/index.php\/wp-json\/wp\/v2\/types\/page"}],"author":[{"embeddable":true,"href":"https:\/\/www.przedszkoleznatury.pl\/index.php\/wp-json\/wp\/v2\/users\/1"}],"replies":[{"embeddable":true,"href":"https:\/\/www.przedszkoleznatury.pl\/index.php\/wp-json\/wp\/v2\/comments?post=43"}],"version-history":[{"count":3,"href":"https:\/\/www.przedszkoleznatury.pl\/index.php\/wp-json\/wp\/v2\/pages\/43\/revisions"}],"predecessor-version":[{"id":136,"href":"https:\/\/www.przedszkoleznatury.pl\/index.php\/wp-json\/wp\/v2\/pages\/43\/revisions\/136"}],"wp:attachment":[{"href":"https:\/\/www.przedszkoleznatury.pl\/index.php\/wp-json\/wp\/v2\/media?parent=43"}],"curies":[{"name":"wp","href":"https:\/\/api.w.org\/{rel}","templated":true}]}}