{"id":41,"date":"2026-05-04T20:56:35","date_gmt":"2026-05-04T20:56:35","guid":{"rendered":"https:\/\/www.host204454.stronawcal.pl\/?page_id=41"},"modified":"2026-05-06T10:30:25","modified_gmt":"2026-05-06T10:30:25","slug":"wspolpraca-z-rodzicami","status":"publish","type":"page","link":"https:\/\/www.przedszkoleznatury.pl\/index.php\/dla-rodzicow\/wspolpraca-z-rodzicami\/","title":{"rendered":"Wsp\u00f3\u0142praca z rodzicami"},"content":{"rendered":"\n<p><strong>Przedszkole tworzymy razem<\/strong><\/p>\n\n\n\n<p>Wierzymy, \u017ce dobre przedszkole powstaje we wsp\u00f3\u0142pracy &#8211; nie tylko z dzie\u0107mi, ale razem &#8211; z ich rodzicami.<\/p>\n\n\n\n<p>Zale\u017cy nam na budowaniu miejsca, kt\u00f3re ma wymiar spo\u0142eczny i opiera si\u0119 na relacjach, wzajemnym zaufaniu oraz wsp\u00f3lnej odpowiedzialno\u015bci. Rodzice s\u0105 wa\u017cn\u0105 cz\u0119\u015bci\u0105 \u017cycia przedszkola i wsp\u00f3\u0142tworz\u0105 jego codzienno\u015b\u0107.<\/p>\n\n\n\n<p>Nasza wsp\u00f3\u0142praca opiera si\u0119 na rozmowie, wzajemnym wsparciu i gotowo\u015bci do wsp\u00f3lnego szukania najlepszych rozwi\u0105za\u0144 dla dzieci.<br>Chcemy by\u0107 w kontakcie z rodzicami nie tylko wtedy, gdy pojawiaj\u0105 si\u0119 pytania czy trudno\u015bci, ale tak\u017ce w codziennym budowaniu wsp\u00f3lnoty wok\u00f3\u0142 dzieci.<\/p>\n\n\n\n<p>W ci\u0105gu roku spotykamy si\u0119 wielokrotnie &#8211; podczas \u015bwi\u0105t i uroczysto\u015bci, spotka\u0144 grupowych, wsp\u00f3lnych dzia\u0142a\u0144 organizacyjnych i prac porz\u0105dkowych.<\/p>\n\n\n\n<p>Tworzymy przestrze\u0144 do rozmowy, wymiany do\u015bwiadcze\u0144 i wzajemnego uczenia si\u0119. Organizujemy warsztaty artystyczne i spotkania wok\u00f3\u0142 temat\u00f3w wa\u017cnych w wychowaniu i rozwoju dziecka. Zale\u017cy nam na wsp\u00f3\u0142pracy opartej na zaanga\u017cowaniu, odpowiedzialno\u015bci i realnym wsp\u00f3\u0142tworzeniu miejsca, kt\u00f3rego cz\u0119\u015bci\u0105 s\u0105 dzieci, rodzice i nauczyciele.<\/p>\n","protected":false},"excerpt":{"rendered":"<p>Przedszkole tworzymy razem Wierzymy, \u017ce dobre przedszkole powstaje we wsp\u00f3\u0142pracy &#8211; nie tylko z dzie\u0107mi, ale razem &#8211; z ich [&hellip;]<\/p>\n","protected":false},"author":1,"featured_media":0,"parent":17,"menu_order":7,"comment_status":"closed","ping_status":"closed","template":"","meta":{"site-sidebar-layout":"default","site-content-layout":"","ast-site-content-layout":"default","site-content-style":"default","site-sidebar-style":"default","ast-global-header-display":"","ast-banner-title-visibility":"","ast-main-header-display":"","ast-hfb-above-header-display":"","ast-hfb-below-header-display":"","ast-hfb-mobile-header-display":"","site-post-title":"","ast-breadcrumbs-content":"","ast-featured-img":"","footer-sml-layout":"","ast-disable-related-posts":"","theme-transparent-header-meta":"","adv-header-id-meta":"","stick-header-meta":"","header-above-stick-meta":"","header-main-stick-meta":"","header-below-stick-meta":"","astra-migrate-meta-layouts":"default","ast-page-background-enabled":"default","ast-page-background-meta":{"desktop":{"background-color":"var(--ast-global-color-5)","background-image":"","background-repeat":"repeat","background-position":"center center","background-size":"auto","background-attachment":"scroll","background-type":"","background-media":"","overlay-type":"","overlay-color":"","overlay-opacity":"","overlay-gradient":""},"tablet":{"background-color":"","background-image":"","background-repeat":"repeat","background-position":"center center","background-size":"auto","background-attachment":"scroll","background-type":"","background-media":"","overlay-type":"","overlay-color":"","overlay-opacity":"","overlay-gradient":""},"mobile":{"background-color":"","background-image":"","background-repeat":"repeat","background-position":"center center","background-size":"auto","background-attachment":"scroll","background-type":"","background-media":"","overlay-type":"","overlay-color":"","overlay-opacity":"","overlay-gradient":""}},"ast-content-background-meta":{"desktop":{"background-color":"var(--ast-global-color-4)","background-image":"","background-repeat":"repeat","background-position":"center center","background-size":"auto","background-attachment":"scroll","background-type":"","background-media":"","overlay-type":"","overlay-color":"","overlay-opacity":"","overlay-gradient":""},"tablet":{"background-color":"var(--ast-global-color-4)","background-image":"","background-repeat":"repeat","background-position":"center center","background-size":"auto","background-attachment":"scroll","background-type":"","background-media":"","overlay-type":"","overlay-color":"","overlay-opacity":"","overlay-gradient":""},"mobile":{"background-color":"var(--ast-global-color-4)","background-image":"","background-repeat":"repeat","background-position":"center center","background-size":"auto","background-attachment":"scroll","background-type":"","background-media":"","overlay-type":"","overlay-color":"","overlay-opacity":"","overlay-gradient":""}},"footnotes":""},"class_list":["post-41","page","type-page","status-publish","hentry"],"_links":{"self":[{"href":"https:\/\/www.przedszkoleznatury.pl\/index.php\/wp-json\/wp\/v2\/pages\/41","targetHints":{"allow":["GET"]}}],"collection":[{"href":"https:\/\/www.przedszkoleznatury.pl\/index.php\/wp-json\/wp\/v2\/pages"}],"about":[{"href":"https:\/\/www.przedszkoleznatury.pl\/index.php\/wp-json\/wp\/v2\/types\/page"}],"author":[{"embeddable":true,"href":"https:\/\/www.przedszkoleznatury.pl\/index.php\/wp-json\/wp\/v2\/users\/1"}],"replies":[{"embeddable":true,"href":"https:\/\/www.przedszkoleznatury.pl\/index.php\/wp-json\/wp\/v2\/comments?post=41"}],"version-history":[{"count":1,"href":"https:\/\/www.przedszkoleznatury.pl\/index.php\/wp-json\/wp\/v2\/pages\/41\/revisions"}],"predecessor-version":[{"id":42,"href":"https:\/\/www.przedszkoleznatury.pl\/index.php\/wp-json\/wp\/v2\/pages\/41\/revisions\/42"}],"up":[{"embeddable":true,"href":"https:\/\/www.przedszkoleznatury.pl\/index.php\/wp-json\/wp\/v2\/pages\/17"}],"wp:attachment":[{"href":"https:\/\/www.przedszkoleznatury.pl\/index.php\/wp-json\/wp\/v2\/media?parent=41"}],"curies":[{"name":"wp","href":"https:\/\/api.w.org\/{rel}","templated":true}]}}