{"id":37,"date":"2026-05-04T20:57:18","date_gmt":"2026-05-04T20:57:18","guid":{"rendered":"https:\/\/www.host204454.stronawcal.pl\/?page_id=37"},"modified":"2026-05-06T10:28:55","modified_gmt":"2026-05-06T10:28:55","slug":"kadra","status":"publish","type":"page","link":"https:\/\/www.przedszkoleznatury.pl\/index.php\/dla-rodzicow\/kadra\/","title":{"rendered":"Kadra"},"content":{"rendered":"\n<p><strong>Magda Smoli\u0144ska<br><br><\/strong>Grup\u0119 prowadzi Magda Smoli\u0144ska &#8211; pedagog, animatorka i nauczycielka z wieloletnim do\u015bwiadczeniem w pracy z dzie\u0107mi.<\/p>\n\n\n\n<p>Uko\u0144czy\u0142a Studium Edukacji Niezale\u017cnej na Uniwersytecie Warszawskim, pedagogik\u0119 oraz animacj\u0119 spo\u0142eczno-kulturow\u0105 na Akademii Pedagogiki Specjalnej, a tak\u017ce studia z zakresu klasycznych i alternatywnych form wychowania przedszkolnego.<\/p>\n\n\n\n<p>Prowadzi\u0142a warsztaty r\u0119kodzielnicze dla dzieci i doros\u0142ych, a od wielu lat zwi\u0105zana jest z edukacj\u0105 w duchu waldorfskim.<\/p>\n\n\n\n<p>W swojej pracy towarzyszy dzieciom z uwa\u017cno\u015bci\u0105, czerpi\u0105c z podej\u015bcia waldorfskiego to, co najwa\u017cniejsze: szacunek dla rytmu rozwoju, znaczenie na\u015bladowania, kontakt z natur\u0105 i budowanie dzieci\u0144stwa opartego na prostocie, relacji i codziennym do\u015bwiadczeniu.<\/p>\n\n\n\n<p>Swoj\u0105 drog\u0119 zawodow\u0105 zwi\u0105za\u0142a z Komorowem, gdzie od lat towarzyszy dzieciom jako ciep\u0142a, uwa\u017cna i obecna \u201eciocia\u201d, prowadz\u0105ca grup\u0119 przedszkoln\u0105.<\/p>\n\n\n\n<p><\/p>\n","protected":false},"excerpt":{"rendered":"<p>Magda Smoli\u0144ska Grup\u0119 prowadzi Magda Smoli\u0144ska &#8211; pedagog, animatorka i nauczycielka z wieloletnim do\u015bwiadczeniem w pracy z dzie\u0107mi. Uko\u0144czy\u0142a Studium [&hellip;]<\/p>\n","protected":false},"author":1,"featured_media":0,"parent":17,"menu_order":3,"comment_status":"closed","ping_status":"closed","template":"","meta":{"site-sidebar-layout":"default","site-content-layout":"","ast-site-content-layout":"default","site-content-style":"default","site-sidebar-style":"default","ast-global-header-display":"","ast-banner-title-visibility":"","ast-main-header-display":"","ast-hfb-above-header-display":"","ast-hfb-below-header-display":"","ast-hfb-mobile-header-display":"","site-post-title":"","ast-breadcrumbs-content":"","ast-featured-img":"","footer-sml-layout":"","ast-disable-related-posts":"","theme-transparent-header-meta":"","adv-header-id-meta":"","stick-header-meta":"","header-above-stick-meta":"","header-main-stick-meta":"","header-below-stick-meta":"","astra-migrate-meta-layouts":"default","ast-page-background-enabled":"default","ast-page-background-meta":{"desktop":{"background-color":"var(--ast-global-color-5)","background-image":"","background-repeat":"repeat","background-position":"center center","background-size":"auto","background-attachment":"scroll","background-type":"","background-media":"","overlay-type":"","overlay-color":"","overlay-opacity":"","overlay-gradient":""},"tablet":{"background-color":"","background-image":"","background-repeat":"repeat","background-position":"center center","background-size":"auto","background-attachment":"scroll","background-type":"","background-media":"","overlay-type":"","overlay-color":"","overlay-opacity":"","overlay-gradient":""},"mobile":{"background-color":"","background-image":"","background-repeat":"repeat","background-position":"center center","background-size":"auto","background-attachment":"scroll","background-type":"","background-media":"","overlay-type":"","overlay-color":"","overlay-opacity":"","overlay-gradient":""}},"ast-content-background-meta":{"desktop":{"background-color":"var(--ast-global-color-4)","background-image":"","background-repeat":"repeat","background-position":"center center","background-size":"auto","background-attachment":"scroll","background-type":"","background-media":"","overlay-type":"","overlay-color":"","overlay-opacity":"","overlay-gradient":""},"tablet":{"background-color":"var(--ast-global-color-4)","background-image":"","background-repeat":"repeat","background-position":"center center","background-size":"auto","background-attachment":"scroll","background-type":"","background-media":"","overlay-type":"","overlay-color":"","overlay-opacity":"","overlay-gradient":""},"mobile":{"background-color":"var(--ast-global-color-4)","background-image":"","background-repeat":"repeat","background-position":"center center","background-size":"auto","background-attachment":"scroll","background-type":"","background-media":"","overlay-type":"","overlay-color":"","overlay-opacity":"","overlay-gradient":""}},"footnotes":""},"class_list":["post-37","page","type-page","status-publish","hentry"],"_links":{"self":[{"href":"https:\/\/www.przedszkoleznatury.pl\/index.php\/wp-json\/wp\/v2\/pages\/37","targetHints":{"allow":["GET"]}}],"collection":[{"href":"https:\/\/www.przedszkoleznatury.pl\/index.php\/wp-json\/wp\/v2\/pages"}],"about":[{"href":"https:\/\/www.przedszkoleznatury.pl\/index.php\/wp-json\/wp\/v2\/types\/page"}],"author":[{"embeddable":true,"href":"https:\/\/www.przedszkoleznatury.pl\/index.php\/wp-json\/wp\/v2\/users\/1"}],"replies":[{"embeddable":true,"href":"https:\/\/www.przedszkoleznatury.pl\/index.php\/wp-json\/wp\/v2\/comments?post=37"}],"version-history":[{"count":2,"href":"https:\/\/www.przedszkoleznatury.pl\/index.php\/wp-json\/wp\/v2\/pages\/37\/revisions"}],"predecessor-version":[{"id":57,"href":"https:\/\/www.przedszkoleznatury.pl\/index.php\/wp-json\/wp\/v2\/pages\/37\/revisions\/57"}],"up":[{"embeddable":true,"href":"https:\/\/www.przedszkoleznatury.pl\/index.php\/wp-json\/wp\/v2\/pages\/17"}],"wp:attachment":[{"href":"https:\/\/www.przedszkoleznatury.pl\/index.php\/wp-json\/wp\/v2\/media?parent=37"}],"curies":[{"name":"wp","href":"https:\/\/api.w.org\/{rel}","templated":true}]}}