{"id":33,"date":"2026-05-04T20:50:36","date_gmt":"2026-05-04T20:50:36","guid":{"rendered":"https:\/\/www.host204454.stronawcal.pl\/?page_id=33"},"modified":"2026-05-06T10:30:15","modified_gmt":"2026-05-06T10:30:15","slug":"tydzien-w-przedszkolu","status":"publish","type":"page","link":"https:\/\/www.przedszkoleznatury.pl\/index.php\/dla-rodzicow\/tydzien-w-przedszkolu\/","title":{"rendered":"Tydzie\u0144 w przedszkolu"},"content":{"rendered":"\n<p><strong>Ka\u017cdy dzie\u0144 tygodnia niesie inne do\u015bwiadczenie<\/strong><\/p>\n\n\n\n<p>Rytm tygodnia tworz\u0105 sta\u0142e, powracaj\u0105ce aktywno\u015bci, kt\u00f3re porz\u0105dkuj\u0105 dzieci\u0119cy \u015bwiat i wnosz\u0105 do niego r\u00f3\u017cnorodno\u015b\u0107.<\/p>\n\n\n\n<p>W ci\u0105gu tygodnia dzieci uczestnicz\u0105 w zaj\u0119ciach artystycznych, r\u0119kodzielniczych, muzycznych i ruchowych &#8211; rysujemy, modelujemy z wosku, tkamy, wycinamy, szyjemy, mielimy m\u0105k\u0119 na chleb, pracujemy z drewnem i tworzymy proste rzeczy w\u0142asnymi r\u0119kami.<\/p>\n\n\n\n<p><br><strong>Poniedzia\u0142ki<\/strong> to dzie\u0144, kt\u00f3ry rozpoczynamy wsp\u00f3lnym malowaniem z wykorzystaniem oryginalnej techniki \u201emokre na mokrym\u201d.<br><br>We <strong>wtorki<\/strong> odwiedza nas Wujek Muzyczny, kt\u00f3ry zaprasza dzieci do \u015bwiata d\u017awi\u0119k\u00f3w, instrument\u00f3w i wsp\u00f3lnego \u015bpiewu.<br><br>W <strong>\u015brody<\/strong> zak\u0142adamy fartuchy i \u201epracujemy\u201d w m\u0142ynie, szykuj\u0105c m\u0105k\u0119 na chleb, kt\u00f3ry pieczemy raz w tygodniu. W tym dniu starsze dzieci bior\u0105 r\u00f3wnie\u017c udzia\u0142 w zaj\u0119ciach z j\u0119zyka angielskiego.<\/p>\n\n\n\n<p>W <strong>czwartki<\/strong> dzieci uczestnicz\u0105 w zaj\u0119ciach eurytmii &#8211; sztuki ruchu i s\u0142owa, prowadzonej przez Beat\u0119 Kosowicz, dyplomowan\u0105 terapeutk\u0119 eurytmiczn\u0105.<\/p>\n\n\n\n<p>W <strong>pi\u0105tki<\/strong> organizujemy \u201ele\u015bne przedszkole\u201d &#8211; dzieci sp\u0119dzaj\u0105 p\u00f3\u0142 dnia w lesie, do\u015bwiadczaj\u0105c natury, ruchu i swobodnej przygody.<\/p>\n\n\n\n<p><br>Codzienne dzia\u0142ania manualne i praktyczne nie s\u0105 dla nas jedynie zaj\u0119ciem plastycznym czy technicznym. Jest to wa\u017cna droga budowania dzieci\u0119cej samodzielno\u015bci, cierpliwo\u015bci, sprawczo\u015bci i wiary we w\u0142asne mo\u017cliwo\u015bci.<\/p>\n\n\n\n<p>Tworz\u0105c, naprawiaj\u0105c, mieszaj\u0105c, szyj\u0105c czy piek\u0105c, dziecko do\u015bwiadcza, \u017ce potrafi dzia\u0142a\u0107, uczy\u0107 si\u0119 i doprowadza\u0107 w\u0142asne pomys\u0142y do ko\u0144ca.<\/p>\n","protected":false},"excerpt":{"rendered":"<p>Ka\u017cdy dzie\u0144 tygodnia niesie inne do\u015bwiadczenie Rytm tygodnia tworz\u0105 sta\u0142e, powracaj\u0105ce aktywno\u015bci, kt\u00f3re porz\u0105dkuj\u0105 dzieci\u0119cy \u015bwiat i wnosz\u0105 do niego [&hellip;]<\/p>\n","protected":false},"author":1,"featured_media":0,"parent":17,"menu_order":6,"comment_status":"closed","ping_status":"closed","template":"","meta":{"site-sidebar-layout":"default","site-content-layout":"","ast-site-content-layout":"default","site-content-style":"default","site-sidebar-style":"default","ast-global-header-display":"","ast-banner-title-visibility":"","ast-main-header-display":"","ast-hfb-above-header-display":"","ast-hfb-below-header-display":"","ast-hfb-mobile-header-display":"","site-post-title":"","ast-breadcrumbs-content":"","ast-featured-img":"","footer-sml-layout":"","ast-disable-related-posts":"","theme-transparent-header-meta":"","adv-header-id-meta":"","stick-header-meta":"","header-above-stick-meta":"","header-main-stick-meta":"","header-below-stick-meta":"","astra-migrate-meta-layouts":"default","ast-page-background-enabled":"default","ast-page-background-meta":{"desktop":{"background-color":"var(--ast-global-color-5)","background-image":"","background-repeat":"repeat","background-position":"center center","background-size":"auto","background-attachment":"scroll","background-type":"","background-media":"","overlay-type":"","overlay-color":"","overlay-opacity":"","overlay-gradient":""},"tablet":{"background-color":"","background-image":"","background-repeat":"repeat","background-position":"center center","background-size":"auto","background-attachment":"scroll","background-type":"","background-media":"","overlay-type":"","overlay-color":"","overlay-opacity":"","overlay-gradient":""},"mobile":{"background-color":"","background-image":"","background-repeat":"repeat","background-position":"center center","background-size":"auto","background-attachment":"scroll","background-type":"","background-media":"","overlay-type":"","overlay-color":"","overlay-opacity":"","overlay-gradient":""}},"ast-content-background-meta":{"desktop":{"background-color":"var(--ast-global-color-4)","background-image":"","background-repeat":"repeat","background-position":"center center","background-size":"auto","background-attachment":"scroll","background-type":"","background-media":"","overlay-type":"","overlay-color":"","overlay-opacity":"","overlay-gradient":""},"tablet":{"background-color":"var(--ast-global-color-4)","background-image":"","background-repeat":"repeat","background-position":"center center","background-size":"auto","background-attachment":"scroll","background-type":"","background-media":"","overlay-type":"","overlay-color":"","overlay-opacity":"","overlay-gradient":""},"mobile":{"background-color":"var(--ast-global-color-4)","background-image":"","background-repeat":"repeat","background-position":"center center","background-size":"auto","background-attachment":"scroll","background-type":"","background-media":"","overlay-type":"","overlay-color":"","overlay-opacity":"","overlay-gradient":""}},"footnotes":""},"class_list":["post-33","page","type-page","status-publish","hentry"],"_links":{"self":[{"href":"https:\/\/www.przedszkoleznatury.pl\/index.php\/wp-json\/wp\/v2\/pages\/33","targetHints":{"allow":["GET"]}}],"collection":[{"href":"https:\/\/www.przedszkoleznatury.pl\/index.php\/wp-json\/wp\/v2\/pages"}],"about":[{"href":"https:\/\/www.przedszkoleznatury.pl\/index.php\/wp-json\/wp\/v2\/types\/page"}],"author":[{"embeddable":true,"href":"https:\/\/www.przedszkoleznatury.pl\/index.php\/wp-json\/wp\/v2\/users\/1"}],"replies":[{"embeddable":true,"href":"https:\/\/www.przedszkoleznatury.pl\/index.php\/wp-json\/wp\/v2\/comments?post=33"}],"version-history":[{"count":1,"href":"https:\/\/www.przedszkoleznatury.pl\/index.php\/wp-json\/wp\/v2\/pages\/33\/revisions"}],"predecessor-version":[{"id":34,"href":"https:\/\/www.przedszkoleznatury.pl\/index.php\/wp-json\/wp\/v2\/pages\/33\/revisions\/34"}],"up":[{"embeddable":true,"href":"https:\/\/www.przedszkoleznatury.pl\/index.php\/wp-json\/wp\/v2\/pages\/17"}],"wp:attachment":[{"href":"https:\/\/www.przedszkoleznatury.pl\/index.php\/wp-json\/wp\/v2\/media?parent=33"}],"curies":[{"name":"wp","href":"https:\/\/api.w.org\/{rel}","templated":true}]}}