{"id":27,"date":"2026-05-04T20:49:23","date_gmt":"2026-05-04T20:49:23","guid":{"rendered":"https:\/\/www.host204454.stronawcal.pl\/?page_id=27"},"modified":"2026-05-10T20:28:44","modified_gmt":"2026-05-10T20:28:44","slug":"podstawowe-informacje","status":"publish","type":"page","link":"https:\/\/www.przedszkoleznatury.pl\/index.php\/dla-rodzicow\/podstawowe-informacje\/","title":{"rendered":"Podstawowe informacje"},"content":{"rendered":"\n<p><strong>Kameralny punkt przedszkolny w Komorowie<\/strong><\/p>\n\n\n\n<p>Nasze przedszkole to miejsce oparte na rytmie, blisko\u015bci natury i za\u0142o\u017ceniach pedagogiki waldorfskiej. Dzieci maj\u0105 tutaj czas, by wzrasta\u0107, budowa\u0107 relacje i poznawa\u0107 \u015bwiat we w\u0142asnym tempie.<\/p>\n\n\n\n<p>Znajdujemy si\u0119 w <strong>Komorowie <\/strong>przy <strong>ul. Granickiej 7<\/strong>.<br>Dzia\u0142amy od poniedzia\u0142ku do pi\u0105tku w godzinach <strong>9:00\u201314:00<\/strong> (z mo\u017cliwo\u015bci\u0105 indywidualnego wyd\u0142u\u017cenia opieki do 15:00).<\/p>\n\n\n\n<p>Ka\u017cdy dzie\u0144 ma sw\u00f3j sta\u0142y, spokojny rytm, kt\u00f3ry daje dzieciom poczucie bezpiecze\u0144stwa i przewidywalno\u015bci.<br>Ka\u017cdy tydzie\u0144 przynosi tak\u017ce nowe do\u015bwiadczenia: tw\u00f3rcze dzia\u0142ania, muzyk\u0119, ruch, kontakt z natur\u0105 i wsp\u00f3lne prze\u017cywanie codzienno\u015bci.<\/p>\n\n\n\n<p>Od wrze\u015bnia 2016 roku posiadamy uprawnienia punktu przedszkolnego.<\/p>\n\n\n\n<hr class=\"wp-block-separator has-alpha-channel-opacity\"\/>\n\n\n\n<hr class=\"wp-block-separator has-alpha-channel-opacity\"\/>\n\n\n\n<p>Dlaczego pracujemy w godzinach 9:00-14:00?<\/p>\n\n\n\n<p>Godziny pracy naszego punktu przedszkolnego wynikaj\u0105 z uwa\u017cnego spojrzenia na potrzeby ma\u0142ego dziecka i jego naturalny rytm rozwojowy.<\/p>\n\n\n\n<p>Dla nas najwa\u017cniejsze jest to, by czas sp\u0119dzony w przedszkolu ni\u00f3s\u0142 jako\u015b\u0107 odpowiedni\u0105 dla konkretnego etapu rozwojowego dziecka.&nbsp; Ma by\u0107 to czas spokojny i wspieraj\u0105cy.<br>Ma\u0142e dziecko, z natury, bardzo intensywnie prze\u017cywa to, co je otacza. Pi\u0119\u0107 godzin uwa\u017cnego do\u015bwiadczania \u015bwiata to w pe\u0142ni wystarczaj\u0105ca przestrze\u0144 na relacje, swobodn\u0105 zabaw\u0119, ruch, tw\u00f3rczo\u015b\u0107 &#8211; bez przeci\u0105\u017cenia i nadmiaru.<\/p>\n\n\n\n<p>Po tych kilku godzinach pobytu poza domem ma\u0142y przedszkolak nie potrzebuje ju\u017c kolejnych wra\u017ce\u0144, lecz wyciszenia, odpoczynku i powrotu do blisko\u015bci rodzic\u00f3w, opiekun\u00f3w.<\/p>\n\n\n\n<p>Mamy \u015bwiadomo\u015b\u0107, \u017ce taki rytm nie odpowiada ka\u017cdej rodzinie i nie zawsze wpisuje si\u0119 w tempo wsp\u00f3\u0142czesnej codzienno\u015bci. Dla wielu rodzic\u00f3w mo\u017ce by\u0107 to wyzwanie organizacyjne. Przyjmujemy to z pe\u0142nym zrozumieniem.<\/p>\n\n\n\n<p>Dla dzieci starszych, kt\u00f3re s\u0105 gotowe na nieco d\u0142u\u017cszy pobyt, istnieje mo\u017cliwo\u015b\u0107 indywidualnego wyd\u0142u\u017cenia opieki do godziny 15:00. Dzi\u0119ki temu pozostajemy uwa\u017cni na r\u00f3\u017cne etapy gotowo\u015bci i potrzeby dzieci.<\/p>\n","protected":false},"excerpt":{"rendered":"<p>Kameralny punkt przedszkolny w Komorowie Nasze przedszkole to miejsce oparte na rytmie, blisko\u015bci natury i za\u0142o\u017ceniach pedagogiki waldorfskiej. Dzieci maj\u0105 [&hellip;]<\/p>\n","protected":false},"author":1,"featured_media":0,"parent":17,"menu_order":1,"comment_status":"closed","ping_status":"closed","template":"","meta":{"site-sidebar-layout":"default","site-content-layout":"","ast-site-content-layout":"default","site-content-style":"default","site-sidebar-style":"default","ast-global-header-display":"","ast-banner-title-visibility":"","ast-main-header-display":"","ast-hfb-above-header-display":"","ast-hfb-below-header-display":"","ast-hfb-mobile-header-display":"","site-post-title":"","ast-breadcrumbs-content":"","ast-featured-img":"","footer-sml-layout":"","ast-disable-related-posts":"","theme-transparent-header-meta":"","adv-header-id-meta":"","stick-header-meta":"","header-above-stick-meta":"","header-main-stick-meta":"","header-below-stick-meta":"","astra-migrate-meta-layouts":"default","ast-page-background-enabled":"default","ast-page-background-meta":{"desktop":{"background-color":"var(--ast-global-color-5)","background-image":"","background-repeat":"repeat","background-position":"center center","background-size":"auto","background-attachment":"scroll","background-type":"","background-media":"","overlay-type":"","overlay-color":"","overlay-opacity":"","overlay-gradient":""},"tablet":{"background-color":"","background-image":"","background-repeat":"repeat","background-position":"center center","background-size":"auto","background-attachment":"scroll","background-type":"","background-media":"","overlay-type":"","overlay-color":"","overlay-opacity":"","overlay-gradient":""},"mobile":{"background-color":"","background-image":"","background-repeat":"repeat","background-position":"center center","background-size":"auto","background-attachment":"scroll","background-type":"","background-media":"","overlay-type":"","overlay-color":"","overlay-opacity":"","overlay-gradient":""}},"ast-content-background-meta":{"desktop":{"background-color":"var(--ast-global-color-4)","background-image":"","background-repeat":"repeat","background-position":"center center","background-size":"auto","background-attachment":"scroll","background-type":"","background-media":"","overlay-type":"","overlay-color":"","overlay-opacity":"","overlay-gradient":""},"tablet":{"background-color":"var(--ast-global-color-4)","background-image":"","background-repeat":"repeat","background-position":"center center","background-size":"auto","background-attachment":"scroll","background-type":"","background-media":"","overlay-type":"","overlay-color":"","overlay-opacity":"","overlay-gradient":""},"mobile":{"background-color":"var(--ast-global-color-4)","background-image":"","background-repeat":"repeat","background-position":"center center","background-size":"auto","background-attachment":"scroll","background-type":"","background-media":"","overlay-type":"","overlay-color":"","overlay-opacity":"","overlay-gradient":""}},"footnotes":""},"class_list":["post-27","page","type-page","status-publish","hentry"],"_links":{"self":[{"href":"https:\/\/www.przedszkoleznatury.pl\/index.php\/wp-json\/wp\/v2\/pages\/27","targetHints":{"allow":["GET"]}}],"collection":[{"href":"https:\/\/www.przedszkoleznatury.pl\/index.php\/wp-json\/wp\/v2\/pages"}],"about":[{"href":"https:\/\/www.przedszkoleznatury.pl\/index.php\/wp-json\/wp\/v2\/types\/page"}],"author":[{"embeddable":true,"href":"https:\/\/www.przedszkoleznatury.pl\/index.php\/wp-json\/wp\/v2\/users\/1"}],"replies":[{"embeddable":true,"href":"https:\/\/www.przedszkoleznatury.pl\/index.php\/wp-json\/wp\/v2\/comments?post=27"}],"version-history":[{"count":10,"href":"https:\/\/www.przedszkoleznatury.pl\/index.php\/wp-json\/wp\/v2\/pages\/27\/revisions"}],"predecessor-version":[{"id":143,"href":"https:\/\/www.przedszkoleznatury.pl\/index.php\/wp-json\/wp\/v2\/pages\/27\/revisions\/143"}],"up":[{"embeddable":true,"href":"https:\/\/www.przedszkoleznatury.pl\/index.php\/wp-json\/wp\/v2\/pages\/17"}],"wp:attachment":[{"href":"https:\/\/www.przedszkoleznatury.pl\/index.php\/wp-json\/wp\/v2\/media?parent=27"}],"curies":[{"name":"wp","href":"https:\/\/api.w.org\/{rel}","templated":true}]}}